{"id":19,"date":"2025-04-07T15:12:40","date_gmt":"2025-04-07T15:12:40","guid":{"rendered":"https:\/\/sarley.niubrands.pl\/?page_id=19"},"modified":"2025-05-20T11:42:30","modified_gmt":"2025-05-20T11:42:30","slug":"oferta","status":"publish","type":"page","link":"https:\/\/sarley.pl\/index.php\/oferta\/","title":{"rendered":"Oferta"},"content":{"rendered":"<section class=\"bde-section-19-100 bde-section\">\n              \n  \n  \n\t\n\n  <div class=\"section-background-overlay\"><\/div>\n\n\n<div class=\"section-container\"><h1 class=\"bde-heading-19-102 bde-heading\">\nNasza oferta\n<\/h1><\/div>\n<\/section><section class=\"bde-section-19-137 bde-section\">\n  \n  \n\t\n\n\n\n<div class=\"section-container\"><div class=\"bde-columns-19-138 bde-columns\"><div class=\"bde-column-19-139 bde-column\">\n  \n  \n\t\n\n\n\n<h1 class=\"bde-heading-19-146 bde-heading\">\nOgrodzenia panelowe\n<\/h1>\n<\/div><div class=\"bde-column-19-140 bde-column\">\n  \n  \n\t\n\n\n\n<img decoding=\"async\" class=\"bde-image2-19-144 bde-image2\" src=\"https:\/\/sarley.pl\/wp-content\/uploads\/2025\/04\/457049089_1015907343879950_6631026385004538622_n.jpg\" loading=\"lazy\" srcset=\"https:\/\/sarley.pl\/wp-content\/uploads\/2025\/04\/457049089_1015907343879950_6631026385004538622_n.jpg 2048w, https:\/\/sarley.pl\/wp-content\/uploads\/2025\/04\/457049089_1015907343879950_6631026385004538622_n-300x225.jpg 300w, https:\/\/sarley.pl\/wp-content\/uploads\/2025\/04\/457049089_1015907343879950_6631026385004538622_n-1024x768.jpg 1024w, https:\/\/sarley.pl\/wp-content\/uploads\/2025\/04\/457049089_1015907343879950_6631026385004538622_n-768x576.jpg 768w, https:\/\/sarley.pl\/wp-content\/uploads\/2025\/04\/457049089_1015907343879950_6631026385004538622_n-1536x1152.jpg 1536w\" sizes=\"(max-width: 2048px) 100vw, 2048px\">\n<\/div><\/div><\/div>\n<\/section><section class=\"bde-section-19-147 bde-section\">\n  \n  \n\t\n\n\n\n<div class=\"section-container\"><div class=\"bde-columns-19-148 bde-columns\"><div class=\"bde-column-19-149 bde-column\">\n  \n  \n\t\n\n\n\n<h1 class=\"bde-heading-19-150 bde-heading\">\nBramy i furtki\n<\/h1>\n<\/div><div class=\"bde-column-19-151 bde-column\">\n  \n  \n\t\n\n\n\n<img decoding=\"async\" class=\"bde-image2-19-152 bde-image2\" src=\"https:\/\/sarley.pl\/wp-content\/uploads\/2025\/05\/WhatsApp-Image-2025-05-15-at-18.55.27-1.jpeg\" loading=\"lazy\" srcset=\"https:\/\/sarley.pl\/wp-content\/uploads\/2025\/05\/WhatsApp-Image-2025-05-15-at-18.55.27-1.jpeg 2048w, https:\/\/sarley.pl\/wp-content\/uploads\/2025\/05\/WhatsApp-Image-2025-05-15-at-18.55.27-1-300x225.jpeg 300w, https:\/\/sarley.pl\/wp-content\/uploads\/2025\/05\/WhatsApp-Image-2025-05-15-at-18.55.27-1-1024x768.jpeg 1024w, https:\/\/sarley.pl\/wp-content\/uploads\/2025\/05\/WhatsApp-Image-2025-05-15-at-18.55.27-1-768x576.jpeg 768w, https:\/\/sarley.pl\/wp-content\/uploads\/2025\/05\/WhatsApp-Image-2025-05-15-at-18.55.27-1-1536x1152.jpeg 1536w\" sizes=\"(max-width: 2048px) 100vw, 2048px\">\n<\/div><\/div><\/div>\n<\/section><section class=\"bde-section-19-153 bde-section\">\n  \n  \n\t\n\n\n\n<div class=\"section-container\"><div class=\"bde-columns-19-154 bde-columns\"><div class=\"bde-column-19-155 bde-column\">\n  \n  \n\t\n\n\n\n<h1 class=\"bde-heading-19-156 bde-heading\">\nNowoczesne ogrodzenia aluminiowe\n<\/h1>\n<\/div><div class=\"bde-column-19-157 bde-column\">\n  \n  \n\t\n\n\n\n<img decoding=\"async\" class=\"bde-image2-19-158 bde-image2\" src=\"https:\/\/sarley.pl\/wp-content\/uploads\/2025\/05\/WhatsApp-Image-2025-05-15-at-18.55.31-3.jpeg\" loading=\"lazy\" srcset=\"https:\/\/sarley.pl\/wp-content\/uploads\/2025\/05\/WhatsApp-Image-2025-05-15-at-18.55.31-3.jpeg 2048w, https:\/\/sarley.pl\/wp-content\/uploads\/2025\/05\/WhatsApp-Image-2025-05-15-at-18.55.31-3-300x225.jpeg 300w, https:\/\/sarley.pl\/wp-content\/uploads\/2025\/05\/WhatsApp-Image-2025-05-15-at-18.55.31-3-1024x768.jpeg 1024w, https:\/\/sarley.pl\/wp-content\/uploads\/2025\/05\/WhatsApp-Image-2025-05-15-at-18.55.31-3-768x576.jpeg 768w, https:\/\/sarley.pl\/wp-content\/uploads\/2025\/05\/WhatsApp-Image-2025-05-15-at-18.55.31-3-1536x1152.jpeg 1536w\" sizes=\"(max-width: 2048px) 100vw, 2048px\">\n<\/div><\/div><\/div>\n<\/section><section class=\"bde-section-19-159 bde-section\">\n  \n  \n\t\n\n\n\n<div class=\"section-container\"><div class=\"bde-columns-19-160 bde-columns\"><div class=\"bde-column-19-161 bde-column\">\n  \n  \n\t\n\n\n\n<h1 class=\"bde-heading-19-162 bde-heading\">\nKonstrukcje stalowe\n<\/h1>\n<\/div><div class=\"bde-column-19-163 bde-column\">\n  \n  \n\t\n\n\n\n<img decoding=\"async\" class=\"bde-image2-19-164 bde-image2\" src=\"https:\/\/sarley.pl\/wp-content\/uploads\/2025\/04\/464178713_7906055412828402_9209051240953523987_n.jpg\" loading=\"lazy\" srcset=\"https:\/\/sarley.pl\/wp-content\/uploads\/2025\/04\/464178713_7906055412828402_9209051240953523987_n.jpg 960w, https:\/\/sarley.pl\/wp-content\/uploads\/2025\/04\/464178713_7906055412828402_9209051240953523987_n-300x225.jpg 300w, https:\/\/sarley.pl\/wp-content\/uploads\/2025\/04\/464178713_7906055412828402_9209051240953523987_n-768x576.jpg 768w\" sizes=\"(max-width: 960px) 100vw, 960px\">\n<\/div><\/div><\/div>\n<\/section><section class=\"bde-section-19-165 bde-section\">\n  \n  \n\t\n\n\n\n<div class=\"section-container\"><div class=\"bde-columns-19-166 bde-columns\"><div class=\"bde-column-19-167 bde-column\">\n  \n  \n\t\n\n\n\n<h1 class=\"bde-heading-19-168 bde-heading\">\nMateria\u0142y i akcesoria\n<\/h1>\n<\/div><div class=\"bde-column-19-169 bde-column\">\n  \n  \n\t\n\n\n\n<img decoding=\"async\" class=\"bde-image2-19-170 bde-image2\" src=\"https:\/\/sarley.pl\/wp-content\/uploads\/2025\/04\/464178713_7906055412828402_9209051240953523987_n.jpg\" loading=\"lazy\" srcset=\"https:\/\/sarley.pl\/wp-content\/uploads\/2025\/04\/464178713_7906055412828402_9209051240953523987_n.jpg 960w, https:\/\/sarley.pl\/wp-content\/uploads\/2025\/04\/464178713_7906055412828402_9209051240953523987_n-300x225.jpg 300w, https:\/\/sarley.pl\/wp-content\/uploads\/2025\/04\/464178713_7906055412828402_9209051240953523987_n-768x576.jpg 768w\" sizes=\"(max-width: 960px) 100vw, 960px\">\n<\/div><\/div><\/div>\n<\/section><section class=\"bde-section-19-171 bde-section\">\n  \n  \n\t\n\n\n\n<div class=\"section-container\"><div class=\"bde-columns-19-172 bde-columns\"><div class=\"bde-column-19-173 bde-column\">\n  \n  \n\t\n\n\n\n<h1 class=\"bde-heading-19-174 bde-heading\">\nAutomatyka bramowa i domofony\n<\/h1>\n<\/div><div class=\"bde-column-19-175 bde-column\">\n  \n  \n\t\n\n\n\n<img decoding=\"async\" class=\"bde-image2-19-176 bde-image2\" src=\"https:\/\/sarley.pl\/wp-content\/uploads\/2025\/05\/WhatsApp-Image-2025-05-15-at-19.07.17-3-1.jpeg\" loading=\"lazy\" srcset=\"https:\/\/sarley.pl\/wp-content\/uploads\/2025\/05\/WhatsApp-Image-2025-05-15-at-19.07.17-3-1.jpeg 1217w, https:\/\/sarley.pl\/wp-content\/uploads\/2025\/05\/WhatsApp-Image-2025-05-15-at-19.07.17-3-1-300x256.jpeg 300w, https:\/\/sarley.pl\/wp-content\/uploads\/2025\/05\/WhatsApp-Image-2025-05-15-at-19.07.17-3-1-1024x873.jpeg 1024w, https:\/\/sarley.pl\/wp-content\/uploads\/2025\/05\/WhatsApp-Image-2025-05-15-at-19.07.17-3-1-768x654.jpeg 768w\" sizes=\"(max-width: 1217px) 100vw, 1217px\">\n<\/div><\/div><\/div>\n<\/section><section class=\"bde-section-19-132 bde-section\">\n              \n  \n  \n\t\n\n  <div class=\"section-background-overlay\"><\/div>\n\n\n<div class=\"section-container\"><div class=\"bde-text-19-133 bde-text\">\n\n<\/div><h2 class=\"bde-heading-19-134 bde-heading\">\nDarmowa wycena\n<\/h2><div class=\"bde-text-19-135 bde-text\">\nPotrzebujesz wyceni\u0107 nowe ogrodzenie? Skontaktuj si\u0119 <br>z nami, a my przygotujemy dla Ciebie darmow\u0105 wycen\u0119. Zaufaj naszej wiedzy i do\u015bwiadczeniu.\n<\/div><div class=\"bde-button-19-136 bde-button\">\n    \n                        \n                        \n    \n    \n    \n    \n            \n                    \n            \n            \n\n    \n    \n    \n    \n    \n    <a class=\"breakdance-link button-atom button-atom--custom bde-button__button\" href=\"tel:888559022\" target=\"_self\" data-type=\"contact\"  >\n\n    \n        <span class=\"button-atom__text\">Zadzwo\u0144<\/span>\n\n        \n        \n                <\/a>\n\n    \n\n\n<\/div><\/div>\n<\/section>","protected":false},"excerpt":{"rendered":"<p>Nasza oferta Ogrodzenia panelowe Bramy i furtki Nowoczesne ogrodzenia aluminiowe Konstrukcje stalowe Materia\u0142y i akcesoria Automatyka bramowa i domofony Darmowa wycena Potrzebujesz wyceni\u0107 nowe ogrodzenie? Skontaktuj si\u0119 z nami, a my przygotujemy dla Ciebie darmow\u0105 wycen\u0119. Zaufaj naszej wiedzy i do\u015bwiadczeniu. Zadzwo\u0144<\/p>\n","protected":false},"author":1,"featured_media":0,"parent":0,"menu_order":0,"comment_status":"closed","ping_status":"closed","template":"","meta":{"_breakdance_hide_in_design_set":false,"_breakdance_tags":"","footnotes":""},"class_list":["post-19","page","type-page","status-publish","hentry"],"_links":{"self":[{"href":"https:\/\/sarley.pl\/index.php\/wp-json\/wp\/v2\/pages\/19","targetHints":{"allow":["GET"]}}],"collection":[{"href":"https:\/\/sarley.pl\/index.php\/wp-json\/wp\/v2\/pages"}],"about":[{"href":"https:\/\/sarley.pl\/index.php\/wp-json\/wp\/v2\/types\/page"}],"author":[{"embeddable":true,"href":"https:\/\/sarley.pl\/index.php\/wp-json\/wp\/v2\/users\/1"}],"replies":[{"embeddable":true,"href":"https:\/\/sarley.pl\/index.php\/wp-json\/wp\/v2\/comments?post=19"}],"version-history":[{"count":11,"href":"https:\/\/sarley.pl\/index.php\/wp-json\/wp\/v2\/pages\/19\/revisions"}],"predecessor-version":[{"id":142,"href":"https:\/\/sarley.pl\/index.php\/wp-json\/wp\/v2\/pages\/19\/revisions\/142"}],"wp:attachment":[{"href":"https:\/\/sarley.pl\/index.php\/wp-json\/wp\/v2\/media?parent=19"}],"curies":[{"name":"wp","href":"https:\/\/api.w.org\/{rel}","templated":true}]}}