{"id":17,"date":"2025-04-07T15:12:27","date_gmt":"2025-04-07T15:12:27","guid":{"rendered":"https:\/\/sarley.niubrands.pl\/?page_id=17"},"modified":"2025-05-19T18:13:56","modified_gmt":"2025-05-19T18:13:56","slug":"kontakt","status":"publish","type":"page","link":"https:\/\/sarley.pl\/index.php\/kontakt\/","title":{"rendered":"Kontakt"},"content":{"rendered":"<section class=\"bde-section-17-109 bde-section\">\n              \n  \n  \n\t\n\n  <div class=\"section-background-overlay\"><\/div>\n\n\n<div class=\"section-container\"><h1 class=\"bde-heading-17-110 bde-heading\">\nKontakt\n<\/h1><div class=\"bde-fancy-divider-17-111 bde-fancy-divider\">\n\n\n<div class=\"bde-fancy-divider__wrapper\">\n  <div class=\"bde-fancy-divider__separator   \">\n  \t  <\/div>\n<\/div>\n\n<\/div><\/div>\n<\/section><section class=\"bde-section-17-166 bde-section\">\n  \n  \n\t\n\n\n\n<div class=\"section-container\"><div class=\"bde-columns-17-167 bde-columns\"><div class=\"bde-column-17-168 bde-column\">\n  \n  \n\t\n\n\n\n<div class=\"bde-div-17-171 bde-div\">\n  \n  \n\t\n\n\n\n<h1 class=\"bde-heading-17-177 bde-heading\">\nSarley\n<\/h1><div class=\"bde-icon-list-17-176 bde-icon-list\">\n<ul>\n  \n              \n    <li>\n              <div class='bde-icon-list__item-wrapper'>\n      \n      <span class='bde-icon-list__icon'>\n        <svg xmlns=\"http:\/\/www.w3.org\/2000\/svg\" id=\"icon-home\" viewBox=\"0 0 32 32\">\n<path d=\"M32 18.451l-16-12.42-16 12.42v-5.064l16-12.42 16 12.42zM28 18v12h-8v-8h-8v8h-8v-12l12-9z\"\/>\n<\/svg>\n      <\/span>\n      <span class='bde-icon-list__text' >\n      Adres <br>Cikowice 107, 32-700 Cikowice\n      <\/span>\n              <\/div>\n      \n    <\/li>\n\n  \n              \n    <li>\n              <div class='bde-icon-list__item-wrapper'>\n      \n      <span class='bde-icon-list__icon'>\n        <svg xmlns=\"http:\/\/www.w3.org\/2000\/svg\" id=\"icon-phone\" viewBox=\"0 0 32 32\">\n<path d=\"M22 20c-2 2-2 4-4 4s-4-2-6-4-4-4-4-6 2-2 4-4-4-8-6-8-6 6-6 6c0 4 4.109 12.109 8 16s12 8 16 8c0 0 6-4 6-6s-6-8-8-6z\"\/>\n<\/svg>\n      <\/span>\n      <span class='bde-icon-list__text' >\n      Telefon<br>+ 48 888 559 022\n      <\/span>\n              <\/div>\n      \n    <\/li>\n\n  \n              \n    <li>\n              <div class='bde-icon-list__item-wrapper'>\n      \n      <span class='bde-icon-list__icon'>\n        <svg xmlns=\"http:\/\/www.w3.org\/2000\/svg\" viewBox=\"0 0 512 512\"><!--! Font Awesome Free 6.5.1 by @fontawesome - https:\/\/fontawesome.com License - https:\/\/fontawesome.com\/license\/free (Icons: CC BY 4.0, Fonts: SIL OFL 1.1, Code: MIT License) Copyright 2023 Fonticons, Inc. --><path d=\"M64 112c-8.8 0-16 7.2-16 16v22.1L220.5 291.7c20.7 17 50.4 17 71.1 0L464 150.1V128c0-8.8-7.2-16-16-16H64zM48 212.2V384c0 8.8 7.2 16 16 16H448c8.8 0 16-7.2 16-16V212.2L322 328.8c-38.4 31.5-93.7 31.5-132 0L48 212.2zM0 128C0 92.7 28.7 64 64 64H448c35.3 0 64 28.7 64 64V384c0 35.3-28.7 64-64 64H64c-35.3 0-64-28.7-64-64V128z\"\/><\/svg>\n      <\/span>\n      <span class='bde-icon-list__text' >\n      Email<br>sarleyogrodzenia@gmail.com\n      <\/span>\n              <\/div>\n      \n    <\/li>\n\n  <\/ul>\n\n<\/div>\n<\/div>\n<\/div><div class=\"bde-column-17-169 bde-column\">\n  \n  \n\t\n\n\n\n<h1 class=\"bde-heading-17-178 bde-heading\">\nNapisz czego potrzebujesz?\n<\/h1><div class=\"bde-form-builder-17-179 bde-form-builder\">\n\n<form id=\"contact-form179\" class=\"breakdance-form breakdance-form--vertical\" data-options=\"{&quot;slug&quot;:&quot;custom&quot;,&quot;name&quot;:&quot;Contact Form&quot;,&quot;ajaxUrl&quot;:&quot;https:\\\/\\\/sarley.pl\\\/wp-admin\\\/admin-ajax.php&quot;,&quot;clearOnSuccess&quot;:true,&quot;hideOnSuccess&quot;:false,&quot;successMessage&quot;:&quot;Your message has been received!&quot;,&quot;errorMessage&quot;:&quot;Something went wrong&quot;,&quot;redirect&quot;:false,&quot;redirectUrl&quot;:&quot;&quot;,&quot;customJavaScript&quot;:&quot;&quot;,&quot;recaptcha&quot;:{&quot;key&quot;:&quot;&quot;,&quot;enabled&quot;:false},&quot;honeypot_enabled&quot;:false,&quot;popupsOnSuccess&quot;:[],&quot;popupsOnError&quot;:[]}\" data-steps=\"0\" >\n  \n  \n  \n<div class=\"breakdance-form-field breakdance-form-field--text\" >\n    \n    \n            <label class=\"breakdance-form-field__label\" for=\"name\">\n            Imi\u0119 i nazwisko<span class=\"breakdance-form-field__required\">*<\/span>\n        <\/label>\n    \n    <input\n    class=\"breakdance-form-field__input\"\n    id=\"name\"\n    aria-describedby=\"name\"\n    type=\"text\"\n    name=\"fields[name]\"\n    placeholder=\"\"\n    value=\"\"\n                \n        \n        \n    required\n    \n    \n    \n>\n\n\n    \n    \n<\/div>\n\n\n<div class=\"breakdance-form-field breakdance-form-field--email\" >\n    \n    \n            <label class=\"breakdance-form-field__label\" for=\"email\">\n            Email<span class=\"breakdance-form-field__required\">*<\/span>\n        <\/label>\n    \n    <input\n    class=\"breakdance-form-field__input\"\n    id=\"email\"\n    aria-describedby=\"email\"\n    type=\"email\"\n    name=\"fields[email]\"\n    placeholder=\"\"\n    value=\"\"\n                \n        \n        \n    required\n    \n    \n    \n>\n\n\n    \n    \n<\/div>\n\n\n<div class=\"breakdance-form-field breakdance-form-field--tel\" >\n    \n    \n            <label class=\"breakdance-form-field__label\" for=\"zfgwpk\">\n            Telefon\n        <\/label>\n    \n    <input\n    class=\"breakdance-form-field__input\"\n    id=\"zfgwpk\"\n    aria-describedby=\"zfgwpk\"\n    type=\"tel\"\n    name=\"fields[zfgwpk]\"\n    placeholder=\"\"\n    value=\"\"\n                \n        \n        \n    \n    \n    \n    \n>\n\n\n    \n    \n<\/div>\n\n\n<div class=\"breakdance-form-field breakdance-form-field--textarea\" >\n    \n    \n            <label class=\"breakdance-form-field__label\" for=\"message\">\n            Wiadomo\u015b\u0107<span class=\"breakdance-form-field__required\">*<\/span>\n        <\/label>\n    \n    <textarea\n    class=\"breakdance-form-field__input\"\n    id=\"message\"\n    aria-describedby=\"message\"\n    type=\"textarea\"\n    name=\"fields[message]\"\n        placeholder=\"\"\n    required\n    >\n<\/textarea>\n\n\n    \n    \n<\/div>\n\n\n  \n\n<div class=\"breakdance-form-field breakdance-form-footer\">\n    \n    \n                                    \n    \n    \n    \n    \n            \n            <button type=\"submit\" class=\"button-atom button-atom--primary breakdance-form-button breakdance-form-button__submit\"  >\n    \n        <span class=\"button-atom__text\">Wy\u015blij<\/span>\n\n        \n        \n            <\/button>\n    \n    <input type=\"hidden\" name=\"form_id\" value=\"179\">\n    <input type=\"hidden\" name=\"post_id\" value=\"17\">\n<\/div>\n\n  \n<\/form>\n\n\n<\/div>\n<\/div><\/div><\/div>\n<\/section><section class=\"bde-section-17-161 bde-section\">\n              \n  \n  \n\t\n\n  <div class=\"section-background-overlay\"><\/div>\n\n\n<div class=\"section-container\"><div class=\"bde-text-17-162 bde-text\">\n\n<\/div><h2 class=\"bde-heading-17-163 bde-heading\">\nDarmowa wycena\n<\/h2><div class=\"bde-text-17-164 bde-text\">\nPotrzebujesz wyceni\u0107 nowe ogrodzenie? Skontaktuj si\u0119 <br>z nami, a my przygotujemy dla Ciebie darmow\u0105 wycen\u0119. Zaufaj naszej wiedzy i do\u015bwiadczeniu.\n<\/div><div class=\"bde-button-17-165 bde-button\">\n    \n                        \n                        \n    \n    \n    \n    \n            \n                    \n            \n            \n\n    \n    \n    \n    \n    \n    <a class=\"breakdance-link button-atom button-atom--custom bde-button__button\" href=\"tel:888559022\" target=\"_self\" data-type=\"contact\"  >\n\n    \n        <span class=\"button-atom__text\">Zadzwo\u0144<\/span>\n\n        \n        \n                <\/a>\n\n    \n\n\n<\/div><\/div>\n<\/section>","protected":false},"excerpt":{"rendered":"<p>Kontakt Sarley Adres Cikowice 107, 32-700 Cikowice Telefon+ 48 888 559 022 Emailsarleyogrodzenia@gmail.com Napisz czego potrzebujesz? Imi\u0119 i nazwisko* Email* Telefon Wiadomo\u015b\u0107* Wy\u015blij Darmowa wycena Potrzebujesz wyceni\u0107 nowe ogrodzenie? Skontaktuj si\u0119 z nami, a my przygotujemy dla Ciebie darmow\u0105 wycen\u0119. Zaufaj naszej wiedzy i do\u015bwiadczeniu. Zadzwo\u0144<\/p>\n","protected":false},"author":1,"featured_media":0,"parent":0,"menu_order":0,"comment_status":"closed","ping_status":"closed","template":"","meta":{"_breakdance_hide_in_design_set":false,"_breakdance_tags":"","footnotes":""},"class_list":["post-17","page","type-page","status-publish","hentry"],"_links":{"self":[{"href":"https:\/\/sarley.pl\/index.php\/wp-json\/wp\/v2\/pages\/17","targetHints":{"allow":["GET"]}}],"collection":[{"href":"https:\/\/sarley.pl\/index.php\/wp-json\/wp\/v2\/pages"}],"about":[{"href":"https:\/\/sarley.pl\/index.php\/wp-json\/wp\/v2\/types\/page"}],"author":[{"embeddable":true,"href":"https:\/\/sarley.pl\/index.php\/wp-json\/wp\/v2\/users\/1"}],"replies":[{"embeddable":true,"href":"https:\/\/sarley.pl\/index.php\/wp-json\/wp\/v2\/comments?post=17"}],"version-history":[{"count":13,"href":"https:\/\/sarley.pl\/index.php\/wp-json\/wp\/v2\/pages\/17\/revisions"}],"predecessor-version":[{"id":139,"href":"https:\/\/sarley.pl\/index.php\/wp-json\/wp\/v2\/pages\/17\/revisions\/139"}],"wp:attachment":[{"href":"https:\/\/sarley.pl\/index.php\/wp-json\/wp\/v2\/media?parent=17"}],"curies":[{"name":"wp","href":"https:\/\/api.w.org\/{rel}","templated":true}]}}